{"id":2,"date":"2022-12-28T10:55:40","date_gmt":"2022-12-28T10:55:40","guid":{"rendered":"https:\/\/www.lviasennuskantola.fi\/?page_id=2"},"modified":"2023-04-24T07:47:56","modified_gmt":"2023-04-24T07:47:56","slug":"lvi-asennus-kantola-oy","status":"publish","type":"page","link":"https:\/\/www.lviasennuskantola.fi\/","title":{"rendered":"LVI-Asennus Kantola Oy"},"content":{"rendered":"<p>LVI-Asennus Kantola Oy\u00a0 toimii talotekniikan ja teollisuusputkistojen toteuttajana p\u00e4\u00e4asiassa Oulun ja Lapin alueilla. Palvelemme yksityis- ja yritysasiakkaita kaikissa mik\u00e4 liittyy l\u00e4mmitykseen, veteen, ilmanvaihtoon, j\u00e4\u00e4hdytykseen sek\u00e4 l\u00e4mp\u00f6pumppuihin.<\/p>\n<p>Uudiskohteiden ja saneerauskohteiden LVI- ja j\u00e4\u00e4hdytysurakointi.<\/p>\n<p>Putkimiehesi Oulun alueella:\u00a0Mika Kantola, 040 5106 746 mika.kantola@lviasennuskantola.fi<\/p>\n","protected":false},"excerpt":{"rendered":"<p>LVI-Asennus Kantola Oy\u00a0 toimii talotekniikan ja teollisuusputkistojen toteuttajana p\u00e4\u00e4asiassa Oulun ja Lapin alueilla. Palvelemme yksityis- ja yritysasiakkaita kaikissa mik\u00e4 liittyy l\u00e4mmitykseen, veteen, ilmanvaihtoon, j\u00e4\u00e4hdytykseen sek\u00e4 l\u00e4mp\u00f6pumppuihin. Uudiskohteiden ja saneerauskohteiden LVI- ja j\u00e4\u00e4hdytysurakointi. Putkimiehesi Oulun alueella:\u00a0Mika Kantola, 040 5106 746 mika.kantola@lviasennuskantola.fi<\/p>\n","protected":false},"author":1,"featured_media":0,"parent":0,"menu_order":0,"comment_status":"closed","ping_status":"open","template":"","meta":{"footnotes":""},"class_list":["post-2","page","type-page","status-publish","hentry","entry"],"yoast_head":"<!-- This site is optimized with the Yoast SEO plugin v27.5 - https:\/\/yoast.com\/product\/yoast-seo-wordpress\/ -->\n<title>LVI-Asennus Kantola Oy - LVI-Asennus Kantola Oy<\/title>\n<meta name=\"robots\" content=\"index, follow, max-snippet:-1, max-image-preview:large, max-video-preview:-1\" \/>\n<link rel=\"canonical\" href=\"https:\/\/www.lviasennuskantola.fi\/\" \/>\n<meta property=\"og:locale\" content=\"fi_FI\" \/>\n<meta property=\"og:type\" content=\"article\" \/>\n<meta property=\"og:title\" content=\"LVI-Asennus Kantola Oy - LVI-Asennus Kantola Oy\" \/>\n<meta property=\"og:description\" content=\"LVI-Asennus Kantola Oy\u00a0 toimii talotekniikan ja teollisuusputkistojen toteuttajana p\u00e4\u00e4asiassa Oulun ja Lapin alueilla. Palvelemme yksityis- ja yritysasiakkaita kaikissa mik\u00e4 liittyy l\u00e4mmitykseen, veteen, ilmanvaihtoon, j\u00e4\u00e4hdytykseen sek\u00e4 l\u00e4mp\u00f6pumppuihin. Uudiskohteiden ja saneerauskohteiden LVI- ja j\u00e4\u00e4hdytysurakointi. Putkimiehesi Oulun alueella:\u00a0Mika Kantola, 040 5106 746 mika.kantola@lviasennuskantola.fi\" \/>\n<meta property=\"og:url\" content=\"https:\/\/www.lviasennuskantola.fi\/\" \/>\n<meta property=\"og:site_name\" content=\"LVI-Asennus Kantola Oy\" \/>\n<meta property=\"article:modified_time\" content=\"2023-04-24T07:47:56+00:00\" \/>\n<meta name=\"twitter:card\" content=\"summary_large_image\" \/>\n<meta name=\"twitter:label1\" content=\"Arvioitu lukuaika\" \/>\n\t<meta name=\"twitter:data1\" content=\"1 minuutti\" \/>\n<script type=\"application\/ld+json\" class=\"yoast-schema-graph\">{\"@context\":\"https:\\\/\\\/schema.org\",\"@graph\":[{\"@type\":\"WebPage\",\"@id\":\"https:\\\/\\\/www.lviasennuskantola.fi\\\/\",\"url\":\"https:\\\/\\\/www.lviasennuskantola.fi\\\/\",\"name\":\"LVI-Asennus Kantola Oy - LVI-Asennus Kantola Oy\",\"isPartOf\":{\"@id\":\"https:\\\/\\\/www.lviasennuskantola.fi\\\/#website\"},\"datePublished\":\"2022-12-28T10:55:40+00:00\",\"dateModified\":\"2023-04-24T07:47:56+00:00\",\"breadcrumb\":{\"@id\":\"https:\\\/\\\/www.lviasennuskantola.fi\\\/#breadcrumb\"},\"inLanguage\":\"fi\",\"potentialAction\":[{\"@type\":\"ReadAction\",\"target\":[\"https:\\\/\\\/www.lviasennuskantola.fi\\\/\"]}]},{\"@type\":\"BreadcrumbList\",\"@id\":\"https:\\\/\\\/www.lviasennuskantola.fi\\\/#breadcrumb\",\"itemListElement\":[{\"@type\":\"ListItem\",\"position\":1,\"name\":\"LVI-Asennus Kantola Oy\",\"item\":\"https:\\\/\\\/www.lviasennuskantola.fi\\\/\"},{\"@type\":\"ListItem\",\"position\":2,\"name\":\"LVI-Asennus Kantola Oy\"}]},{\"@type\":\"WebSite\",\"@id\":\"https:\\\/\\\/www.lviasennuskantola.fi\\\/#website\",\"url\":\"https:\\\/\\\/www.lviasennuskantola.fi\\\/\",\"name\":\"LVI-Asennus Kantola Oy\",\"description\":\"Talotekniikan ja j\u00e4\u00e4hdytystekniikan osaaja\",\"potentialAction\":[{\"@type\":\"SearchAction\",\"target\":{\"@type\":\"EntryPoint\",\"urlTemplate\":\"https:\\\/\\\/www.lviasennuskantola.fi\\\/?s={search_term_string}\"},\"query-input\":{\"@type\":\"PropertyValueSpecification\",\"valueRequired\":true,\"valueName\":\"search_term_string\"}}],\"inLanguage\":\"fi\"}]}<\/script>\n<!-- \/ Yoast SEO plugin. -->","yoast_head_json":{"title":"LVI-Asennus Kantola Oy - LVI-Asennus Kantola Oy","robots":{"index":"index","follow":"follow","max-snippet":"max-snippet:-1","max-image-preview":"max-image-preview:large","max-video-preview":"max-video-preview:-1"},"canonical":"https:\/\/www.lviasennuskantola.fi\/","og_locale":"fi_FI","og_type":"article","og_title":"LVI-Asennus Kantola Oy - LVI-Asennus Kantola Oy","og_description":"LVI-Asennus Kantola Oy\u00a0 toimii talotekniikan ja teollisuusputkistojen toteuttajana p\u00e4\u00e4asiassa Oulun ja Lapin alueilla. Palvelemme yksityis- ja yritysasiakkaita kaikissa mik\u00e4 liittyy l\u00e4mmitykseen, veteen, ilmanvaihtoon, j\u00e4\u00e4hdytykseen sek\u00e4 l\u00e4mp\u00f6pumppuihin. Uudiskohteiden ja saneerauskohteiden LVI- ja j\u00e4\u00e4hdytysurakointi. Putkimiehesi Oulun alueella:\u00a0Mika Kantola, 040 5106 746 mika.kantola@lviasennuskantola.fi","og_url":"https:\/\/www.lviasennuskantola.fi\/","og_site_name":"LVI-Asennus Kantola Oy","article_modified_time":"2023-04-24T07:47:56+00:00","twitter_card":"summary_large_image","twitter_misc":{"Arvioitu lukuaika":"1 minuutti"},"schema":{"@context":"https:\/\/schema.org","@graph":[{"@type":"WebPage","@id":"https:\/\/www.lviasennuskantola.fi\/","url":"https:\/\/www.lviasennuskantola.fi\/","name":"LVI-Asennus Kantola Oy - LVI-Asennus Kantola Oy","isPartOf":{"@id":"https:\/\/www.lviasennuskantola.fi\/#website"},"datePublished":"2022-12-28T10:55:40+00:00","dateModified":"2023-04-24T07:47:56+00:00","breadcrumb":{"@id":"https:\/\/www.lviasennuskantola.fi\/#breadcrumb"},"inLanguage":"fi","potentialAction":[{"@type":"ReadAction","target":["https:\/\/www.lviasennuskantola.fi\/"]}]},{"@type":"BreadcrumbList","@id":"https:\/\/www.lviasennuskantola.fi\/#breadcrumb","itemListElement":[{"@type":"ListItem","position":1,"name":"LVI-Asennus Kantola Oy","item":"https:\/\/www.lviasennuskantola.fi\/"},{"@type":"ListItem","position":2,"name":"LVI-Asennus Kantola Oy"}]},{"@type":"WebSite","@id":"https:\/\/www.lviasennuskantola.fi\/#website","url":"https:\/\/www.lviasennuskantola.fi\/","name":"LVI-Asennus Kantola Oy","description":"Talotekniikan ja j\u00e4\u00e4hdytystekniikan osaaja","potentialAction":[{"@type":"SearchAction","target":{"@type":"EntryPoint","urlTemplate":"https:\/\/www.lviasennuskantola.fi\/?s={search_term_string}"},"query-input":{"@type":"PropertyValueSpecification","valueRequired":true,"valueName":"search_term_string"}}],"inLanguage":"fi"}]}},"_links":{"self":[{"href":"https:\/\/www.lviasennuskantola.fi\/index.php\/wp-json\/wp\/v2\/pages\/2","targetHints":{"allow":["GET"]}}],"collection":[{"href":"https:\/\/www.lviasennuskantola.fi\/index.php\/wp-json\/wp\/v2\/pages"}],"about":[{"href":"https:\/\/www.lviasennuskantola.fi\/index.php\/wp-json\/wp\/v2\/types\/page"}],"author":[{"embeddable":true,"href":"https:\/\/www.lviasennuskantola.fi\/index.php\/wp-json\/wp\/v2\/users\/1"}],"replies":[{"embeddable":true,"href":"https:\/\/www.lviasennuskantola.fi\/index.php\/wp-json\/wp\/v2\/comments?post=2"}],"version-history":[{"count":4,"href":"https:\/\/www.lviasennuskantola.fi\/index.php\/wp-json\/wp\/v2\/pages\/2\/revisions"}],"predecessor-version":[{"id":26,"href":"https:\/\/www.lviasennuskantola.fi\/index.php\/wp-json\/wp\/v2\/pages\/2\/revisions\/26"}],"wp:attachment":[{"href":"https:\/\/www.lviasennuskantola.fi\/index.php\/wp-json\/wp\/v2\/media?parent=2"}],"curies":[{"name":"wp","href":"https:\/\/api.w.org\/{rel}","templated":true}]}}